{"id":756,"date":"2020-12-31T20:11:07","date_gmt":"2020-12-31T20:11:07","guid":{"rendered":"http:\/\/megamedia.games\/?page_id=756"},"modified":"2020-12-31T20:42:44","modified_gmt":"2020-12-31T20:42:44","slug":"agb-deutsch","status":"publish","type":"page","link":"http:\/\/megamedia.games\/de\/agb-deutsch","title":{"rendered":"AGB Deutsch"},"content":{"rendered":"<div class=\"vc_row wpb_row vc_row-fluid\"><div class=\"wpb_column vc_column_container vc_col-sm-12\"><div class=\"vc_column-inner\"><div class=\"wpb_wrapper\"><div class=\"vc_separator wpb_content_element vc_separator_align_center vc_sep_width_100 vc_sep_pos_align_center vc_separator_no_text vc_sep_color_grey\" ><span class=\"vc_sep_holder vc_sep_holder_l\"><span  class=\"vc_sep_line\"><\/span><\/span><span class=\"vc_sep_holder vc_sep_holder_r\"><span  class=\"vc_sep_line\"><\/span><\/span>\n<\/div>\n\t<div class=\"wpb_text_column wpb_content_element\" >\n\t\t<div class=\"wpb_wrapper\">\n\t\t\t<p>Letzte Aktualisierung: 31. Oktober 2020<\/p>\n<p>Here you can find the English terms and conditions: <a href=\"http:\/\/megamedia.games\/de\/terms-and-conditions\/\">terms and conditions<\/a><\/p>\n<p><strong>Vorabinformation:<\/strong><\/p>\n<p>Das Angebot von Mega Media Games ist Kostenlos und erm\u00f6glicht die Spiele Kostenfrei zu spielen.<\/p>\n<p>Es gibt keine Werbeschaltungen und auch keine <em>In-App<\/em><em>&#8211;<\/em><em>K\u00e4ufe<\/em>.<\/p>\n<p>Es ist ein Studenten Projekt und tats\u00e4chlich v\u00f6llig Kostenfrei.<br \/>Daf\u00fcr garantiere ich euch als Spieleentwickler und Creator.<\/p>\n<p>Noah Frank &#8211; Founder Mega Media Games \u00a9 2020 Konzept, Idee Umsetzung.<\/p>\n<p>Diese Nutzungsbedingungen werden von Zeit zu Zeit ge\u00e4ndert und informieren Dich \u00fcber diese Nutzung der Spiele und\/oder Websites von Mega Media Games und regeln diese.<\/p>\n<p><strong>Zustimmung zu den Nutzungsbedingungen:<\/strong><\/p>\n<p>Bitte lese vor dem Herunterladen, Installieren und der Nutzung der Videospiele die nachfolgenden Bedingungen sorgf\u00e4ltig durch.<br \/>Dies ist eine elektronische Vereinbarung, die die rechtlich bindenden Bedingungen zur Nutzung, von Mega Media Games ver\u00f6ffentlichten Spiele, regelt.<br \/>Du musst mindestens 14 Jahre alt sein, oder die rechtliche Erm\u00e4chtigung, unter Aufsicht deiner Eltern oder rechtlichen Vertreter haben um das Angebot von Mega Media Games nutzen zu k\u00f6nnen.<br \/>In allen F\u00e4llen unterliegt die Nutzung der von Mega Media Games angebotenen Spiele durch Minderj\u00e4hrige der Verantwortung der Eltern oder deren rechtlichen Vertretern.<br \/>Wenn Du ein Spiel herunterladest musst du folgendes beachten:<\/p>\n<p><strong>Aktualisierung von Bestimmungen<\/strong><\/p>\n<p>Mega Media Games beh\u00e4lt sich das Recht vor, diese Nutzungsbedingungen jederzeit zu \u00e4ndern, anzupassen und zu aktualisieren. Bitte besuche deshalb diese Seite in regelm\u00e4\u00dfigen Abst\u00e4nden um \u00fcber \u00c4nderungen, Neuregelungen der Bedingungen, sowie Updates informiert zu sein.<\/p>\n<p><strong>Nutzung:<\/strong><\/p>\n<p>S\u00e4mtliche Spiele sind ausschlie\u00dflich f\u00fcr deinen pers\u00f6nliche, nichtkommerzielle Nutzung bestimmt. Alle an Mega Media Games unaufgeforderten gesendet Ideen, Empfehlungen, Vorschl\u00e4ge, Kommentare oder sonstiges Material, die als nicht vertraulich gekennzeichnet sind d\u00fcrfen von Mega Media Games in jegliche Form, weltweit ohne Einschr\u00e4nkung f\u00fcr jegliche Zwecke, ohne Verg\u00fctungsverpflichtung oder Verbindlichkeit an den \u00dcbersender oder Dritte verwendet werden.<\/p>\n<p>Mega Media Games kann alle Spiele und Websites jederzeit beenden ohne dass daraus irgendein Rechtsanspruch f\u00fcr den Unser entsteht.<\/p>\n<p><strong>EIGENTUMSRECHTE<\/strong><\/p>\n<p>S\u00e4mtliches in den Spielen ver\u00f6ffentlichtes Material, Texte, Storys, Fotos, Videos, Musik, Bilder, Grafiken, Animationen, Audio, Sounds, Softwaredaten, sind Urheberrechtlich Gesch\u00fctz. \u00a9<\/p>\n<p><strong>Gesundheit \/ Nutzer:<\/strong><\/p>\n<p>Mega Media Games empfiehlt eine vern\u00fcnftige Nutzung der Spiele mit einem sinnvollen Zeitmanagement.<br \/>Spiele nicht, wenn du m\u00fcde, kr\u00e4nklich bist oder zu wenig geschlafen hast.<br \/>Passe die Helligkeit des Bildschirms entsprechend deiner Umgebung an und sch\u00fctze deine Augen vor zu grellem Licht.<br \/>Halten einen vern\u00fcnftigen Abstand zum Bildschirm ein.<br \/>Mega Media Games empfiehlt w\u00e4hrend des Spiels Pausen von zehn bis f\u00fcnfzehn Minuten pro Stunde einzuhalten.<\/p>\n<p><strong>Achtung Epilepsie-Warnung<\/strong><\/p>\n<p>Unter gewissen Umst\u00e4nden kann es bei manchen Menschen zu epileptischen Anf\u00e4llen, durch hohe Lichtreize, sehr schnelle Abfolge von Bildern und Effekten sowie bei Wiederholung geometrischen Mustern, Lichtblitze kommen.<br \/>Solltest Du irgendwelchen Auswirkungen bemerken, beende das Spielen vorerst einmal und sprich mit einem Arzt deines Vertrauens \u00fcber die Symptome.<br \/>Du setzt dich sonst m\u00f6glicherweise einem Anfallsrisiko aus.<\/p>\n<p><strong>Gew\u00e4hrleistungsausschluss:<\/strong><\/p>\n<p>Alle Angebote von Mega Media Games sind f\u00fcr dich kostenlos ohne irgendwelche Verpflichtungen f\u00fcr Dich.<br \/>Du nimmst mit dieser Vereinbarung zu Kenntnis, dass die Nutzung von Spielen, Websites, Downloads, mit dem Device deiner Wahl (Handy, PC, Tablet oder \u00e4hnlichem) auf dein eigenes Risiko erfolgt. Jeglicher Rechtsanspruch wegen z.B Datenverlust und oder Besch\u00e4digung des Computersystems, Handy wird ausdr\u00fccklich ausgeschlossen und die Nutzung erfolgt ausschlie\u00dflich auf dein eigenes Risiko. Du nimmst zur Kenntnis, dass Mega Media Games keinerlei Gew\u00e4hrleistung gibt, dass die Spiele sicher und fehlerfrei sind oder deine Erwartungen erf\u00fcllt. Falls dir die Inhalte der Spiele nicht gefallen, du mit diesen Bedingungen nicht einverstanden bist, gilt als einzige und ausschlie\u00dfliches Rechtsmittel, die Spiele \/ Angebote \/ Webseiten nicht zu nutzen. Mega Media Games gibt keine Gew\u00e4hrleistung, dass die Spiele Fehlerfrei funktionieren oder den Erwartungen entsprechen. Soweit rechtlich zul\u00e4ssig, lehnt Mega Media Games jegliche Gew\u00e4hrleistung ab. Mega Media Games kann Inhalte, Funktionen, ohne Angabe von Gr\u00fcnden in jeglicher Form ver\u00e4ndern, einschr\u00e4nken oder l\u00f6schen.<\/p>\n<p><strong>Schadenersatz<\/strong><\/p>\n<p>Du nimmst zur Kenntnis, dass w\u00e4hrend du die Spiele n\u00fctzt ausschlie\u00dflich du selbst f\u00fcr dein Verhalten und Spielaktivit\u00e4ten verantwortlich bist und du Mega Media Games, und seine Partner, Beauftragte, Vertreter zusammenfassend die \u201eschadlos gehaltenen Parteien\u201c Schad- und klaglos von und gegen jeglichen Verlust, Schaden, Haftung, Kosten oder Ausgaben jeglicher Art zu halten (inklusive aller Gerichts und Anwaltskosten), die f\u00fcr die schadlos gehaltenen Parteien in Verbindung mit Forderungen oder drohenden Forderungen anfallen k\u00f6nnen, die f\u00fcr die Nutzung eines Spiels und\/oder der Websites, des anwendbaren Rechts oder den Rechten Dritter entstehen k\u00f6nnen und stimmst dieser Vereinbarung vorbehaltlos zu.<\/p>\n<p><strong>Zugang:<\/strong><\/p>\n<p>Mega Media Games beh\u00e4lt sich das Recht vor, Wartungsma\u00dfnahmen, System Upgrades, regelm\u00e4\u00dfige, geplante oder ungeplante bei Spielen und Websites vorzunehmen, sowie jederzeit aus irgendwelchen Gr\u00fcnden, Spiele und die Websites zu wechseln, zu \u00e4ndern, einzustellen, zu unterbrechen oder aufzugeben. Mega Media Games ist in Folge dir oder Dritten gegen\u00fcber f\u00fcr die Folgen einer solchen Beendigung, \u00c4nderung, Unterbrechung oder Stilllegung nicht haftbar. Du stimmst ausdr\u00fccklich diesen Bedingungen zu.<\/p>\n<p>Mega Media Games toleriert weder Hass noch Diskriminierung jeglicher Art.<\/p>\n<p>Mega Media Games ist Multikulti und gelebte Vielfalt in Bezug auf Abstammung, Ethnizit\u00e4t, Hautfarbe, Religion, Geschlechtsidentit\u00e4t, sexuelle Orientierung, Beeintr\u00e4chtigungen und Herkunft.<\/p>\n<p><strong>Gerichtsstand<\/strong><\/p>\n<p>Du stimmst zu, dass der Gerichtsstand dieser Bedingungen \u00d6sterreich ist, den \u00f6sterreichischen Gesetzen unterliegt und Du stimmen der ausschlie\u00dflichen Rechtsprechung durch \u00f6sterreichische Gerichte zu. Diese Bestimmungen, die darin enthaltenen Regeln und Richtlinien stellen die alleinige, gesamte Vereinbarung zwischen Dir als User und Mega Media Games dar.<\/p>\n<p>Mega Media Games ist ein Projekt von Noah Frank &#8211; Konzept, Idee Umsetzung Ver\u00f6ffentlichung und ist f\u00fcr alle User Kostenlos.<br \/>Es entsteht kein wie auch immer geartetes Rechtsgesch\u00e4ft daraus.<\/p>\n<p>Alle Rechte \u00a9 2020 Noah Frank<\/p>\n\n\t\t<\/div>\n\t<\/div>\n<\/div><\/div><\/div><\/div>","protected":false},"excerpt":{"rendered":"Letzte Aktualisierung: 31. Oktober 2020 Here you can find the English terms and conditions: terms and conditions Vorabinformation: Das Angebot von Mega Media Games ist Kostenlos und erm\u00f6glicht die Spiele Kostenfrei zu spielen. Es gibt keine Werbeschaltungen und auch keine In-App-K\u00e4ufe. Es ist ein Studenten Projekt und tats\u00e4chlich v\u00f6llig Kostenfrei.Daf\u00fcr garantiere ich euch als Spieleentwickler [...]","protected":false},"author":1,"featured_media":0,"parent":0,"menu_order":0,"comment_status":"closed","ping_status":"closed","template":"","meta":{"footnotes":""},"class_list":["post-756","page","type-page","status-publish","hentry"],"yoast_head":"<!-- This site is optimized with the Yoast SEO plugin v25.4 - https:\/\/yoast.com\/wordpress\/plugins\/seo\/ -->\n<title>AGB Deutsch - Mega Media Games<\/title>\n<meta name=\"robots\" content=\"index, follow, max-snippet:-1, max-image-preview:large, max-video-preview:-1\" \/>\n<link rel=\"canonical\" href=\"https:\/\/megamedia.games\/de\/agb-deutsch\/\" \/>\n<meta property=\"og:locale\" content=\"de_DE\" \/>\n<meta property=\"og:type\" content=\"article\" \/>\n<meta property=\"og:title\" content=\"AGB Deutsch - Mega Media Games\" \/>\n<meta property=\"og:url\" content=\"https:\/\/megamedia.games\/de\/agb-deutsch\/\" \/>\n<meta property=\"og:site_name\" content=\"Mega Media Games\" \/>\n<meta property=\"article:modified_time\" content=\"2020-12-31T20:42:44+00:00\" \/>\n<meta name=\"twitter:card\" content=\"summary_large_image\" \/>\n<meta name=\"twitter:label1\" content=\"Gesch\u00e4tzte Lesezeit\" \/>\n\t<meta name=\"twitter:data1\" content=\"5\u00a0Minuten\" \/>\n<script type=\"application\/ld+json\" class=\"yoast-schema-graph\">{\"@context\":\"https:\/\/schema.org\",\"@graph\":[{\"@type\":\"WebPage\",\"@id\":\"https:\/\/megamedia.games\/agb-deutsch\",\"url\":\"https:\/\/megamedia.games\/agb-deutsch\",\"name\":\"AGB Deutsch - Mega Media Games\",\"isPartOf\":{\"@id\":\"https:\/\/megamedia.games\/#website\"},\"datePublished\":\"2020-12-31T20:11:07+00:00\",\"dateModified\":\"2020-12-31T20:42:44+00:00\",\"breadcrumb\":{\"@id\":\"https:\/\/megamedia.games\/agb-deutsch#breadcrumb\"},\"inLanguage\":\"de\",\"potentialAction\":[{\"@type\":\"ReadAction\",\"target\":[\"https:\/\/megamedia.games\/agb-deutsch\"]}]},{\"@type\":\"BreadcrumbList\",\"@id\":\"https:\/\/megamedia.games\/agb-deutsch#breadcrumb\",\"itemListElement\":[{\"@type\":\"ListItem\",\"position\":1,\"name\":\"Home\",\"item\":\"https:\/\/megamedia.games\/\"},{\"@type\":\"ListItem\",\"position\":2,\"name\":\"AGB Deutsch\"}]},{\"@type\":\"WebSite\",\"@id\":\"https:\/\/megamedia.games\/#website\",\"url\":\"https:\/\/megamedia.games\/\",\"name\":\"Mega Media Games\",\"description\":\"gameUp the Future\",\"publisher\":{\"@id\":\"https:\/\/megamedia.games\/#organization\"},\"potentialAction\":[{\"@type\":\"SearchAction\",\"target\":{\"@type\":\"EntryPoint\",\"urlTemplate\":\"https:\/\/megamedia.games\/?s={search_term_string}\"},\"query-input\":{\"@type\":\"PropertyValueSpecification\",\"valueRequired\":true,\"valueName\":\"search_term_string\"}}],\"inLanguage\":\"de\"},{\"@type\":\"Organization\",\"@id\":\"https:\/\/megamedia.games\/#organization\",\"name\":\"Mega Media Games\",\"url\":\"https:\/\/megamedia.games\/\",\"logo\":{\"@type\":\"ImageObject\",\"inLanguage\":\"de\",\"@id\":\"https:\/\/megamedia.games\/#\/schema\/logo\/image\/\",\"url\":\"https:\/\/megamedia.games\/wp-content\/uploads\/2025\/02\/MMG-LOGO-5-Tx10-T-tranz.png\",\"contentUrl\":\"https:\/\/megamedia.games\/wp-content\/uploads\/2025\/02\/MMG-LOGO-5-Tx10-T-tranz.png\",\"width\":12000,\"height\":5000,\"caption\":\"Mega Media Games\"},\"image\":{\"@id\":\"https:\/\/megamedia.games\/#\/schema\/logo\/image\/\"}}]}<\/script>\n<!-- \/ Yoast SEO plugin. -->","yoast_head_json":{"title":"AGB Deutsch - Mega Media Games","robots":{"index":"index","follow":"follow","max-snippet":"max-snippet:-1","max-image-preview":"max-image-preview:large","max-video-preview":"max-video-preview:-1"},"canonical":"https:\/\/megamedia.games\/de\/agb-deutsch\/","og_locale":"de_DE","og_type":"article","og_title":"AGB Deutsch - Mega Media Games","og_url":"https:\/\/megamedia.games\/de\/agb-deutsch\/","og_site_name":"Mega Media Games","article_modified_time":"2020-12-31T20:42:44+00:00","twitter_card":"summary_large_image","twitter_misc":{"Gesch\u00e4tzte Lesezeit":"5\u00a0Minuten"},"schema":{"@context":"https:\/\/schema.org","@graph":[{"@type":"WebPage","@id":"https:\/\/megamedia.games\/agb-deutsch","url":"https:\/\/megamedia.games\/agb-deutsch","name":"AGB Deutsch - Mega Media Games","isPartOf":{"@id":"https:\/\/megamedia.games\/#website"},"datePublished":"2020-12-31T20:11:07+00:00","dateModified":"2020-12-31T20:42:44+00:00","breadcrumb":{"@id":"https:\/\/megamedia.games\/agb-deutsch#breadcrumb"},"inLanguage":"de","potentialAction":[{"@type":"ReadAction","target":["https:\/\/megamedia.games\/agb-deutsch"]}]},{"@type":"BreadcrumbList","@id":"https:\/\/megamedia.games\/agb-deutsch#breadcrumb","itemListElement":[{"@type":"ListItem","position":1,"name":"Home","item":"https:\/\/megamedia.games\/"},{"@type":"ListItem","position":2,"name":"AGB Deutsch"}]},{"@type":"WebSite","@id":"https:\/\/megamedia.games\/#website","url":"https:\/\/megamedia.games\/","name":"Mega Media Games","description":"gameUp the Future","publisher":{"@id":"https:\/\/megamedia.games\/#organization"},"potentialAction":[{"@type":"SearchAction","target":{"@type":"EntryPoint","urlTemplate":"https:\/\/megamedia.games\/?s={search_term_string}"},"query-input":{"@type":"PropertyValueSpecification","valueRequired":true,"valueName":"search_term_string"}}],"inLanguage":"de"},{"@type":"Organization","@id":"https:\/\/megamedia.games\/#organization","name":"Mega Media Games","url":"https:\/\/megamedia.games\/","logo":{"@type":"ImageObject","inLanguage":"de","@id":"https:\/\/megamedia.games\/#\/schema\/logo\/image\/","url":"https:\/\/megamedia.games\/wp-content\/uploads\/2025\/02\/MMG-LOGO-5-Tx10-T-tranz.png","contentUrl":"https:\/\/megamedia.games\/wp-content\/uploads\/2025\/02\/MMG-LOGO-5-Tx10-T-tranz.png","width":12000,"height":5000,"caption":"Mega Media Games"},"image":{"@id":"https:\/\/megamedia.games\/#\/schema\/logo\/image\/"}}]}},"_links":{"self":[{"href":"http:\/\/megamedia.games\/de\/wp-json\/wp\/v2\/pages\/756","targetHints":{"allow":["GET"]}}],"collection":[{"href":"http:\/\/megamedia.games\/de\/wp-json\/wp\/v2\/pages"}],"about":[{"href":"http:\/\/megamedia.games\/de\/wp-json\/wp\/v2\/types\/page"}],"author":[{"embeddable":true,"href":"http:\/\/megamedia.games\/de\/wp-json\/wp\/v2\/users\/1"}],"replies":[{"embeddable":true,"href":"http:\/\/megamedia.games\/de\/wp-json\/wp\/v2\/comments?post=756"}],"version-history":[{"count":5,"href":"http:\/\/megamedia.games\/de\/wp-json\/wp\/v2\/pages\/756\/revisions"}],"predecessor-version":[{"id":764,"href":"http:\/\/megamedia.games\/de\/wp-json\/wp\/v2\/pages\/756\/revisions\/764"}],"wp:attachment":[{"href":"http:\/\/megamedia.games\/de\/wp-json\/wp\/v2\/media?parent=756"}],"curies":[{"name":"wp","href":"https:\/\/api.w.org\/{rel}","templated":true}]}}