{"id":185,"date":"2019-03-12T15:21:42","date_gmt":"2019-03-12T15:21:42","guid":{"rendered":"http:\/\/themepuller.com\/cavalier\/?page_id=185"},"modified":"2021-01-31T22:42:00","modified_gmt":"2021-01-31T22:42:00","slug":"about-us","status":"publish","type":"page","link":"https:\/\/megamedia.games\/de\/about-us","title":{"rendered":"\u00dcber Uns"},"content":{"rendered":"<div data-vc-full-width=\"true\" data-vc-full-width-init=\"false\" data-vc-stretch-content=\"true\" class=\"vc_row wpb_row vc_row-fluid vc_row-no-padding\"><div class=\"wpb_column vc_column_container vc_col-sm-12\"><div class=\"vc_column-inner\"><div class=\"wpb_wrapper\">        <div class=\"About-feature-area bg-color-1 page-padding\">\r\n            <div class=\"container\">\r\n                <div class=\"row\">\r\n                    <div class=\"about-feature\">\r\n                            <div class=\"col-md-4 col-sm-4 col-xs-12\">\r\n            <div class=\"single-about\">\r\n                <div class=\"feature-icon\">\r\n                    <i class=\"fas fa-tv\"><\/i>\r\n                <\/div>\r\n                <div class=\"feature-text\">\r\n                    <h4>Spiele entwicklung<\/h4>\r\n                    <p>Mega Media Games entwickelt Spiele mit der Vision, Gaming zu einem noch besseren gemeinsamen, interaktiven Spieleerlebnis zu machen.<br \/>\ngameUp the Future \u00a9<\/p>\r\n                <\/div>\r\n            <\/div>\r\n        <\/div>\r\n                <div class=\"col-md-4 col-sm-4 col-xs-12\">\r\n            <div class=\"single-about\">\r\n                <div class=\"feature-icon\">\r\n                    <i class=\"fas fa-users\"><\/i>\r\n                <\/div>\r\n                <div class=\"feature-text\">\r\n                    <h4>Community<\/h4>\r\n                    <p>Eine neue \u00c4ra der Spiele mit interaktiven Communitys, Netzwerke\u00fcbergreifende \/Crossplay Gaming-Erlebnisse hat begonnen.<br \/>\nWenn Ihr ein Teil dieses Prozesses sein wollt dann folgt Mega Media Games auf Twitter oder Instagramm und postetet eure Idee, W\u00fcnsche, Anregungen oder eure Memes.<br \/>\nF\u00fcr alle die sich f\u00fcr Gamedevelopment interessieren und mitarbeiten m\u00f6chten schreibt mir in welchen Bereichen Ihr Dabeisein wollt: mehr Information.<\/p>\r\n                <\/div>\r\n            <\/div>\r\n        <\/div>\r\n                <div class=\"col-md-4 col-sm-4 col-xs-12\">\r\n            <div class=\"single-about\">\r\n                <div class=\"feature-icon\">\r\n                    <i class=\"fas fa-gamepad\"><\/i>\r\n                <\/div>\r\n                <div class=\"feature-text\">\r\n                    <h4>Unreal Engin<\/h4>\r\n                    <p>Dank der Unreal Engine  ist es mir m\u00f6glich meine Visionen zu verwirklichen und eigene Spiele f\u00fcr Euch zu entwickeln.<br \/>\nJede Erfolgsgeschichte beginnt mit einer Vision \u2026<br \/>\nNoah Frank - Founder Mega Media Games<br \/>\ngameUp the Future \u00a9 2020<\/p>\r\n                <\/div>\r\n            <\/div>\r\n        <\/div>\r\n            \r\n                    <\/div>\r\n                <\/div>\r\n            <\/div>\r\n        <\/div>\r\n        <\/div><\/div><\/div><\/div><div class=\"vc_row-full-width vc_clearfix\"><\/div><div data-vc-full-width=\"true\" data-vc-full-width-init=\"false\" class=\"vc_row wpb_row vc_row-fluid about-area bg-color-2 area-padding\"><div class=\"wpb_column vc_column_container vc_col-sm-6\"><div class=\"vc_column-inner\"><div class=\"wpb_wrapper\">\n\t<div class=\"wpb_text_column wpb_content_element\" >\n\t\t<div class=\"wpb_wrapper\">\n\t\t\t<div class=\"about-image\"><img decoding=\"async\" src=\"http:\/\/megamedia.games\/wp-content\/uploads\/2020\/11\/1000x700-MM-Logo-green-Blocks.png\" alt=\"\" \/><\/div>\n\n\t\t<\/div>\n\t<\/div>\n<div class=\"vc_btn3-container vc_btn3-inline\" ><a class=\"vc_general vc_btn3 vc_btn3-size-md vc_btn3-shape-rounded vc_btn3-style-modern vc_btn3-color-peacoc\" href=\"https:\/\/mobile.twitter.com\/MEGAMediaGames\" title=\"\" target=\"_blank\">Twitter<\/a><\/div><div class=\"vc_btn3-container vc_btn3-inline\" ><a class=\"vc_general vc_btn3 vc_btn3-size-md vc_btn3-shape-rounded vc_btn3-style-modern vc_btn3-color-violet\" href=\"https:\/\/www.instagram.com\/megamediagames\/\" title=\"\" target=\"_blank\">Instagram<\/a><\/div><div class=\"vc_btn3-container vc_btn3-inline\" ><a class=\"vc_general vc_btn3 vc_btn3-size-md vc_btn3-shape-rounded vc_btn3-style-modern vc_btn3-color-warning\" href=\"https:\/\/www.patreon.com\/megamediagames\" title=\"\" target=\"_blank\">Patreon<\/a><\/div><div class=\"vc_btn3-container vc_btn3-inline\" ><a class=\"vc_general vc_btn3 vc_btn3-size-md vc_btn3-shape-rounded vc_btn3-style-modern vc_btn3-color-juicy-pink\" href=\"https:\/\/www.youtube.com\/channel\/UCyhPMKX6suuqgQIffhQXfiw\" title=\"\" target=\"_blank\">YouTube<\/a><\/div><\/div><\/div><\/div><div class=\"wpb_column vc_column_container vc_col-sm-6\"><div class=\"vc_column-inner\"><div class=\"wpb_wrapper\">\n\t<div class=\"wpb_text_column wpb_content_element\" >\n\t\t<div class=\"wpb_wrapper\">\n\t\t\t<h4>Mega Media Games entwickelt seit 2020  Spiele<\/h4>\n<p>Seit 2018 besch\u00e4ftige ich mich mit dem programmieren von Videogames.<br \/>\nMega Media Games ist ein Indie-Gamedevelopment-Studio aus \u00d6sterreich.<br \/>\nAnfang 2020 haben ich begonnen mit der Unreal Engin 4 einfache Spiele zu entwickeln.<br \/>\nSpa\u00df und die Freude am programmiere war meine Antrieb Spiele zum Leben zu erwecken.<br \/>\nDanke, dass Ihr Euch so zahlreich f\u00fcr meine ersten Games interessiert habt.<br \/>\nAls Community spielt ihr f\u00fcr mich und meine zuk\u00fcnftigen Projekte eine sehr wichtige Rolle!<br \/>\nDeshalb m\u00f6chten ich euch auch an den Entstehungsprozessen mit einbinden und euch an meinen Spieleentwicklungs Fortschritten teilhaben lassen.<br \/>\nEuer Input Hilft mir in Zukunft meine Ideen, in meinen neuen Spielen noch besser f\u00fcr euch umsetzen zu k\u00f6nnen.<br \/>\nNun geht es an weit komplexere Spiele die sicher viel Planung, Arbeit und Phantasie f\u00fcr die Entwicklung ben\u00f6tigen.<br \/>\nEine neue \u00c4ra der Spiele mit interaktiven Communitys, Netzwerke\u00fcbergreifende \/Crossplay Gaming-Erlebnisse hat begonnen.<br \/>\nWenn Ihr ein Teil dieses Prozesses sein wollt dann folgt Mega Media Games auf <a href=\"ttps:\/\/mobile.twitter.com\/MEGAMediaGames\">Twitter<\/a> oder <a href=\"https:\/\/www.instagram.com\/megamediagames\/\">Instagram<\/a> und postetet eure Idee, W\u00fcnsche, Anregungen oder eure Memes.<br \/>\nUnterst\u00fctzen k\u00f6nnt ihr mich bei meiner Arbeit auch auf: <a href=\"https:\/\/www.patreon.com\/megamediagames\">Patreon<\/a><br \/>\nF\u00fcr alle die sich f\u00fcr Gamedevelopment interessieren und an Projekten mitarbeiten m\u00f6chten, schreibt mir in welchen Bereichen Ihr Dabeisein wollt: mehr Information.<br \/>\nJede Erfolgsgeschichte beginnt mit einer Vision \u2026<br \/>\nNoah Frank - Founder Mega Media Games<br \/>\ngameUp the Future \u00a9 2020\u00a9<\/p>\n\n\t\t<\/div>\n\t<\/div>\n<\/div><\/div><\/div><\/div><div class=\"vc_row-full-width vc_clearfix\"><\/div><div data-vc-full-width=\"true\" data-vc-full-width-init=\"false\" class=\"vc_row wpb_row vc_row-fluid brand-area bg-color-2 area-padding\"><div class=\"wpb_column vc_column_container vc_col-sm-12\"><div class=\"vc_column-inner\"><div class=\"wpb_wrapper\">        <div class=\"row\">\r\n            <div class=\"brand-items\">\r\n                            <div class=\"col-md-2 col-sm-4 col-xs-12\">\r\n                    <div class=\"single-brand-item\">\r\n                        <a href=\"https:\/\/megamedia.games\/wp-content\/uploads\/2020\/11\/MM-Banner-220x130-1.png\"><img decoding=\"async\" src=\"https:\/\/megamedia.games\/wp-content\/uploads\/2020\/11\/MM-Banner-220x130-1.png\" alt=\"Image\"><\/a>\r\n                    <\/div>\r\n                <\/div>\r\n                        <\/div>\r\n        <\/div>\r\n        <\/div><\/div><\/div><\/div><div class=\"vc_row-full-width vc_clearfix\"><\/div><div data-vc-full-width=\"true\" data-vc-full-width-init=\"false\" class=\"vc_row wpb_row vc_row-fluid challange-area bg-color-1 area-padding\"><div class=\"wpb_column vc_column_container vc_col-sm-12\"><div class=\"vc_column-inner\"><div class=\"wpb_wrapper\">\n\t<div class=\"wpb_text_column wpb_content_element\" >\n\t\t<div class=\"wpb_wrapper\">\n\t\t\t<div class=\"section-headline white-headline text-center\">\n<h3>Challenges<\/h3>\n<p>Jeder mag Wettk\u00e4mpfe! Hier findest du unsere offiziellen Mega Media Games Challanges.\n<\/p><\/div>\n\n\t\t<\/div>\n\t<\/div>\n\r\n\r\n            <div class=\"row\">\r\n\t\t\t\t\t<!-- End single page -->\r\n\t\t\t\t\t<div class=\"col-md-6 col-sm-6 col-xs-12\">\r\n\t\t\t\t\t\t<div class=\"tab-menu\">\r\n\t\t\t\t\t\t\t <!-- Nav tabs -->\r\n\t\t\t\t\t\t\t<ul class=\"nav nav-tabs\" role=\"tablist\">\r\n                            \t\t\t\t\t\t\t\t<li class=\"active\">\r\n\t\t\t\t\t\t\t\t    <a href=\"#p-view-1\" role=\"tab\" data-toggle=\"tab\">\r\n\t\t\t\t\t\t\t            <img decoding=\"async\" class=\"cha-img\" src=\"https:\/\/megamedia.games\/wp-content\/uploads\/2021\/01\/Challenges.png\" alt=\"challange image\">\r\n\t\t\t\t\t\t\t\t        <span class=\"title-date\">\r\n\t\t\t\t\t\t\t\t        \t<span class=\"cha-title\">Challenges<\/span>\r\n\t\t\t\t\t\t\t\t            <span class=\"cha-date\"><\/span>\r\n\t\t\t\t\t\t\t\t        <\/span>\r\n\t\t\t\t\t\t\t\t    <\/a>\r\n                                <\/li>\r\n                            \t\t\t\t\t\t\t\r\n\t\t\t\t\t\t\t<\/ul>\r\n\t\t\t\t\t\t<\/div>\r\n\t\t\t\t\t<\/div>\r\n\t\t\t\t\t<div class=\"col-md-6 col-sm-6 col-xs-12\">\r\n\t\t\t\t\t\t<div class=\"tab-content\">\r\n                        \t\t\t\t\t\t\t<div class=\"tab-pane active\" id=\"p-view-1\">\r\n\t\t\t\t\t\t\t\t<div class=\"tab-inner\">\r\n\t\t\t\t\t\t\t\t\t<div class=\"single-page\">\r\n\t\t\t\t\t\t\t\t\t\t<div class=\"page-img\">\r\n\t\t\t\t\t\t\t\t\t\t\t<img decoding=\"async\" src=\"https:\/\/megamedia.games\/wp-content\/uploads\/2021\/01\/Challenges.png\" alt=\"\">\r\n\t\t\t\t\t\t\t\t\t\t<\/div>\r\n\t\t\t\t\t\t\t\t\t\t<a href=\"https:\/\/www.youtube.com\/watch?v=e0VqxKCStyE\" class=\"video-play\">\r\n\t\t\t\t\t\t\t\t\t\t\t<i class=\"fa fa-play\"><\/i>\r\n\t\t\t\t\t\t\t\t\t\t<\/a>\r\n\t\t\t\t\t\t\t\t\t<\/div>\r\n\t\t\t\t\t\t\t\t<\/div>\r\n                            <\/div>\r\n                                                        \r\n\r\n\t\t\t\t\t\t<\/div>\r\n\t\t\t\t\t<\/div>\r\n\t\t\t\t\t<!-- end column -->\r\n\t\t\t\t<\/div>\r\n\r\n          <\/div><\/div><\/div><\/div><div class=\"vc_row-full-width vc_clearfix\"><\/div>","protected":false},"excerpt":{"rendered":"Games Development Mega Media Games develops games with the vision of making gaming an even better shared, interactive gaming experience. gameUp the Future \u00a9 Community A new era of gaming with interactive communities, cross-network \/ cross-play gaming experiences has begun. If you want to be part of this process then follow Mega Media Games on [...]","protected":false},"author":1,"featured_media":337,"parent":0,"menu_order":0,"comment_status":"closed","ping_status":"closed","template":"","meta":{"footnotes":""},"class_list":["post-185","page","type-page","status-publish","has-post-thumbnail","hentry"],"yoast_head":"<!-- This site is optimized with the Yoast SEO plugin v25.4 - https:\/\/yoast.com\/wordpress\/plugins\/seo\/ -->\n<title>About Us - Mega Media Games<\/title>\n<meta name=\"robots\" content=\"index, follow, max-snippet:-1, max-image-preview:large, max-video-preview:-1\" \/>\n<link rel=\"canonical\" href=\"https:\/\/megamedia.games\/de\/about-us\/\" \/>\n<meta property=\"og:locale\" content=\"de_DE\" \/>\n<meta property=\"og:type\" content=\"article\" \/>\n<meta property=\"og:title\" content=\"About Us - Mega Media Games\" \/>\n<meta property=\"og:url\" content=\"https:\/\/megamedia.games\/de\/about-us\/\" \/>\n<meta property=\"og:site_name\" content=\"Mega Media Games\" \/>\n<meta property=\"article:modified_time\" content=\"2021-01-31T22:42:00+00:00\" \/>\n<meta property=\"og:image\" content=\"https:\/\/megamedia.games\/wp-content\/uploads\/2019\/10\/b.jpg\" \/>\n\t<meta property=\"og:image:width\" content=\"1920\" \/>\n\t<meta property=\"og:image:height\" content=\"700\" \/>\n\t<meta property=\"og:image:type\" content=\"image\/jpeg\" \/>\n<meta name=\"twitter:card\" content=\"summary_large_image\" \/>\n<meta name=\"twitter:label1\" content=\"Gesch\u00e4tzte Lesezeit\" \/>\n\t<meta name=\"twitter:data1\" content=\"3\u00a0Minuten\" \/>\n<script type=\"application\/ld+json\" class=\"yoast-schema-graph\">{\"@context\":\"https:\/\/schema.org\",\"@graph\":[{\"@type\":\"WebPage\",\"@id\":\"https:\/\/megamedia.games\/about-us\",\"url\":\"https:\/\/megamedia.games\/about-us\",\"name\":\"About Us - Mega Media Games\",\"isPartOf\":{\"@id\":\"https:\/\/megamedia.games\/#website\"},\"primaryImageOfPage\":{\"@id\":\"https:\/\/megamedia.games\/about-us#primaryimage\"},\"image\":{\"@id\":\"https:\/\/megamedia.games\/about-us#primaryimage\"},\"thumbnailUrl\":\"https:\/\/megamedia.games\/wp-content\/uploads\/2019\/10\/b.jpg\",\"datePublished\":\"2019-03-12T15:21:42+00:00\",\"dateModified\":\"2021-01-31T22:42:00+00:00\",\"breadcrumb\":{\"@id\":\"https:\/\/megamedia.games\/about-us#breadcrumb\"},\"inLanguage\":\"de\",\"potentialAction\":[{\"@type\":\"ReadAction\",\"target\":[\"https:\/\/megamedia.games\/about-us\"]}]},{\"@type\":\"ImageObject\",\"inLanguage\":\"de\",\"@id\":\"https:\/\/megamedia.games\/about-us#primaryimage\",\"url\":\"https:\/\/megamedia.games\/wp-content\/uploads\/2019\/10\/b.jpg\",\"contentUrl\":\"https:\/\/megamedia.games\/wp-content\/uploads\/2019\/10\/b.jpg\",\"width\":1920,\"height\":700},{\"@type\":\"BreadcrumbList\",\"@id\":\"https:\/\/megamedia.games\/about-us#breadcrumb\",\"itemListElement\":[{\"@type\":\"ListItem\",\"position\":1,\"name\":\"Home\",\"item\":\"https:\/\/megamedia.games\/\"},{\"@type\":\"ListItem\",\"position\":2,\"name\":\"About Us\"}]},{\"@type\":\"WebSite\",\"@id\":\"https:\/\/megamedia.games\/#website\",\"url\":\"https:\/\/megamedia.games\/\",\"name\":\"Mega Media Games\",\"description\":\"gameUp the Future\",\"publisher\":{\"@id\":\"https:\/\/megamedia.games\/#organization\"},\"potentialAction\":[{\"@type\":\"SearchAction\",\"target\":{\"@type\":\"EntryPoint\",\"urlTemplate\":\"https:\/\/megamedia.games\/?s={search_term_string}\"},\"query-input\":{\"@type\":\"PropertyValueSpecification\",\"valueRequired\":true,\"valueName\":\"search_term_string\"}}],\"inLanguage\":\"de\"},{\"@type\":\"Organization\",\"@id\":\"https:\/\/megamedia.games\/#organization\",\"name\":\"Mega Media Games\",\"url\":\"https:\/\/megamedia.games\/\",\"logo\":{\"@type\":\"ImageObject\",\"inLanguage\":\"de\",\"@id\":\"https:\/\/megamedia.games\/#\/schema\/logo\/image\/\",\"url\":\"https:\/\/megamedia.games\/wp-content\/uploads\/2025\/02\/MMG-LOGO-5-Tx10-T-tranz.png\",\"contentUrl\":\"https:\/\/megamedia.games\/wp-content\/uploads\/2025\/02\/MMG-LOGO-5-Tx10-T-tranz.png\",\"width\":12000,\"height\":5000,\"caption\":\"Mega Media Games\"},\"image\":{\"@id\":\"https:\/\/megamedia.games\/#\/schema\/logo\/image\/\"}}]}<\/script>\n<!-- \/ Yoast SEO plugin. -->","yoast_head_json":{"title":"About Us - Mega Media Games","robots":{"index":"index","follow":"follow","max-snippet":"max-snippet:-1","max-image-preview":"max-image-preview:large","max-video-preview":"max-video-preview:-1"},"canonical":"https:\/\/megamedia.games\/de\/about-us\/","og_locale":"de_DE","og_type":"article","og_title":"About Us - Mega Media Games","og_url":"https:\/\/megamedia.games\/de\/about-us\/","og_site_name":"Mega Media Games","article_modified_time":"2021-01-31T22:42:00+00:00","og_image":[{"width":1920,"height":700,"url":"https:\/\/megamedia.games\/wp-content\/uploads\/2019\/10\/b.jpg","type":"image\/jpeg"}],"twitter_card":"summary_large_image","twitter_misc":{"Gesch\u00e4tzte Lesezeit":"3\u00a0Minuten"},"schema":{"@context":"https:\/\/schema.org","@graph":[{"@type":"WebPage","@id":"https:\/\/megamedia.games\/about-us","url":"https:\/\/megamedia.games\/about-us","name":"About Us - Mega Media Games","isPartOf":{"@id":"https:\/\/megamedia.games\/#website"},"primaryImageOfPage":{"@id":"https:\/\/megamedia.games\/about-us#primaryimage"},"image":{"@id":"https:\/\/megamedia.games\/about-us#primaryimage"},"thumbnailUrl":"https:\/\/megamedia.games\/wp-content\/uploads\/2019\/10\/b.jpg","datePublished":"2019-03-12T15:21:42+00:00","dateModified":"2021-01-31T22:42:00+00:00","breadcrumb":{"@id":"https:\/\/megamedia.games\/about-us#breadcrumb"},"inLanguage":"de","potentialAction":[{"@type":"ReadAction","target":["https:\/\/megamedia.games\/about-us"]}]},{"@type":"ImageObject","inLanguage":"de","@id":"https:\/\/megamedia.games\/about-us#primaryimage","url":"https:\/\/megamedia.games\/wp-content\/uploads\/2019\/10\/b.jpg","contentUrl":"https:\/\/megamedia.games\/wp-content\/uploads\/2019\/10\/b.jpg","width":1920,"height":700},{"@type":"BreadcrumbList","@id":"https:\/\/megamedia.games\/about-us#breadcrumb","itemListElement":[{"@type":"ListItem","position":1,"name":"Home","item":"https:\/\/megamedia.games\/"},{"@type":"ListItem","position":2,"name":"About Us"}]},{"@type":"WebSite","@id":"https:\/\/megamedia.games\/#website","url":"https:\/\/megamedia.games\/","name":"Mega Media Games","description":"gameUp the Future","publisher":{"@id":"https:\/\/megamedia.games\/#organization"},"potentialAction":[{"@type":"SearchAction","target":{"@type":"EntryPoint","urlTemplate":"https:\/\/megamedia.games\/?s={search_term_string}"},"query-input":{"@type":"PropertyValueSpecification","valueRequired":true,"valueName":"search_term_string"}}],"inLanguage":"de"},{"@type":"Organization","@id":"https:\/\/megamedia.games\/#organization","name":"Mega Media Games","url":"https:\/\/megamedia.games\/","logo":{"@type":"ImageObject","inLanguage":"de","@id":"https:\/\/megamedia.games\/#\/schema\/logo\/image\/","url":"https:\/\/megamedia.games\/wp-content\/uploads\/2025\/02\/MMG-LOGO-5-Tx10-T-tranz.png","contentUrl":"https:\/\/megamedia.games\/wp-content\/uploads\/2025\/02\/MMG-LOGO-5-Tx10-T-tranz.png","width":12000,"height":5000,"caption":"Mega Media Games"},"image":{"@id":"https:\/\/megamedia.games\/#\/schema\/logo\/image\/"}}]}},"_links":{"self":[{"href":"https:\/\/megamedia.games\/de\/wp-json\/wp\/v2\/pages\/185","targetHints":{"allow":["GET"]}}],"collection":[{"href":"https:\/\/megamedia.games\/de\/wp-json\/wp\/v2\/pages"}],"about":[{"href":"https:\/\/megamedia.games\/de\/wp-json\/wp\/v2\/types\/page"}],"author":[{"embeddable":true,"href":"https:\/\/megamedia.games\/de\/wp-json\/wp\/v2\/users\/1"}],"replies":[{"embeddable":true,"href":"https:\/\/megamedia.games\/de\/wp-json\/wp\/v2\/comments?post=185"}],"version-history":[{"count":39,"href":"https:\/\/megamedia.games\/de\/wp-json\/wp\/v2\/pages\/185\/revisions"}],"predecessor-version":[{"id":792,"href":"https:\/\/megamedia.games\/de\/wp-json\/wp\/v2\/pages\/185\/revisions\/792"}],"wp:featuredmedia":[{"embeddable":true,"href":"https:\/\/megamedia.games\/de\/wp-json\/wp\/v2\/media\/337"}],"wp:attachment":[{"href":"https:\/\/megamedia.games\/de\/wp-json\/wp\/v2\/media?parent=185"}],"curies":[{"name":"wp","href":"https:\/\/api.w.org\/{rel}","templated":true}]}}