{"id":914,"date":"2021-04-11T20:02:42","date_gmt":"2021-04-11T20:02:42","guid":{"rendered":"https:\/\/megamedia.games\/?page_id=914"},"modified":"2021-07-05T00:26:51","modified_gmt":"2021-07-05T00:26:51","slug":"chronik-beitrage","status":"publish","type":"page","link":"https:\/\/megamedia.games\/de\/chronik-beitrage","title":{"rendered":"Chronik Beitr\u00e4ge"},"content":{"rendered":"<div class=\"vc_row wpb_row vc_row-fluid\"><div class=\"wpb_column vc_column_container vc_col-sm-12\"><div class=\"vc_column-inner\"><div class=\"wpb_wrapper\"><div class=\"vc_separator wpb_content_element vc_separator_align_center vc_sep_width_100 vc_sep_pos_align_center vc_separator_no_text vc_sep_color_grey\" ><span class=\"vc_sep_holder vc_sep_holder_l\"><span  class=\"vc_sep_line\"><\/span><\/span><span class=\"vc_sep_holder vc_sep_holder_r\"><span  class=\"vc_sep_line\"><\/span><\/span>\n<\/div><\/div><\/div><\/div><\/div><div class=\"vc_row wpb_row vc_row-fluid\"><div class=\"wpb_column vc_column_container vc_col-sm-12\"><div class=\"vc_column-inner\"><div class=\"wpb_wrapper\">\n\t<div  class=\"wpb_single_image wpb_content_element vc_align_left\">\n\t\t\n\t\t<figure class=\"wpb_wrapper vc_figure\">\n\t\t\t<div class=\"vc_single_image-wrapper   vc_box_border_grey\"><img loading=\"lazy\" decoding=\"async\" class=\"vc_single_image-img\" src=\"https:\/\/megamedia.games\/wp-content\/uploads\/2021\/04\/Kronenzeitung-300x200-1.png\" width=\"300\" height=\"200\" alt=\"Kronenzeitung 300x200\" title=\"Kronenzeitung 300x200\" \/><\/div>\n\t\t<\/figure>\n\t<\/div>\n\n\t<div class=\"wpb_text_column wpb_content_element\" >\n\t\t<div class=\"wpb_wrapper\">\n\t\t\t<div>\n<h1><strong>Kronen Zeitung<\/strong><\/h1>\n<\/div>\n<div>\n<p><strong>Redakteur<\/strong><strong>: \u00a0\u00a0Charlotte Barbara Titz<\/strong><\/p>\n<\/div>\n<div><\/div>\n<div>Hier geht es zum online Beitrag:<\/div>\n<div><a href=\"https:\/\/www.krone.at\/2383086\">https:\/\/www.krone.at\/2383086<\/a><\/div>\n\n\t\t<\/div>\n\t<\/div>\n<\/div><\/div><\/div><\/div><div class=\"vc_row wpb_row vc_row-fluid\"><div class=\"wpb_column vc_column_container vc_col-sm-12\"><div class=\"vc_column-inner\"><div class=\"wpb_wrapper\"><div class=\"vc_separator wpb_content_element vc_separator_align_center vc_sep_width_100 vc_sep_pos_align_center vc_separator_no_text vc_sep_color_green\" ><span class=\"vc_sep_holder vc_sep_holder_l\"><span  class=\"vc_sep_line\"><\/span><\/span><span class=\"vc_sep_holder vc_sep_holder_r\"><span  class=\"vc_sep_line\"><\/span><\/span>\n<\/div><\/div><\/div><\/div><\/div><div class=\"vc_row wpb_row vc_row-fluid\"><div class=\"wpb_column vc_column_container vc_col-sm-12\"><div class=\"vc_column-inner\"><div class=\"wpb_wrapper\">\n\t<div  class=\"wpb_single_image wpb_content_element vc_align_left\">\n\t\t\n\t\t<figure class=\"wpb_wrapper vc_figure\">\n\t\t\t<div class=\"vc_single_image-wrapper   vc_box_border_grey\"><img loading=\"lazy\" decoding=\"async\" class=\"vc_single_image-img\" src=\"https:\/\/megamedia.games\/wp-content\/uploads\/2021\/04\/Kurier-300x200-1.png\" width=\"300\" height=\"200\" alt=\"Kurier 300x200\" title=\"Kurier 300x200\" \/><\/div>\n\t\t<\/figure>\n\t<\/div>\n\n\t<div class=\"wpb_text_column wpb_content_element\" >\n\t\t<div class=\"wpb_wrapper\">\n\t\t\t<h1><strong>KURIER<\/strong><\/h1>\n<p>Unabh\u00e4ngige Tageszeitung f\u00fcr \u00d6sterreich<\/p>\n<p><b><strong>Redakteur<\/strong>: Stefan Jedlicka<\/b><\/p>\n<p>Hier geht es zum online Beitrag:<\/p>\n<p><a href=\"https:\/\/kurier.at\/chronik\/burgenland\/aus-ihrer-region\/wie-ein-16-jaehriger-spielend-durch-die-krise-helfen-will\/401346158\">https:\/\/kurier.at\/chronik\/burgenland\/aus-ihrer-region\/wie-ein-16-jaehriger-spielend-durch-die-krise-helfen-will\/401346158<\/a><\/p>\n\n\t\t<\/div>\n\t<\/div>\n<\/div><\/div><\/div><\/div><div class=\"vc_row wpb_row vc_row-fluid\"><div class=\"wpb_column vc_column_container vc_col-sm-12\"><div class=\"vc_column-inner\"><div class=\"wpb_wrapper\"><div class=\"vc_separator wpb_content_element vc_separator_align_center vc_sep_width_100 vc_sep_pos_align_center vc_separator_no_text vc_sep_color_green\" ><span class=\"vc_sep_holder vc_sep_holder_l\"><span  class=\"vc_sep_line\"><\/span><\/span><span class=\"vc_sep_holder vc_sep_holder_r\"><span  class=\"vc_sep_line\"><\/span><\/span>\n<\/div><\/div><\/div><\/div><\/div><div class=\"vc_row wpb_row vc_row-fluid\"><div class=\"wpb_column vc_column_container vc_col-sm-12\"><div class=\"vc_column-inner\"><div class=\"wpb_wrapper\">\n\t<div  class=\"wpb_single_image wpb_content_element vc_align_left\">\n\t\t\n\t\t<figure class=\"wpb_wrapper vc_figure\">\n\t\t\t<div class=\"vc_single_image-wrapper   vc_box_border_grey\"><img loading=\"lazy\" decoding=\"async\" class=\"vc_single_image-img\" src=\"https:\/\/megamedia.games\/wp-content\/uploads\/2021\/04\/Bezirks-Blaetter-300x200-1.png\" width=\"300\" height=\"200\" alt=\"Bezirks Bl\u00e4tter 300x200\" title=\"Bezirks Bl\u00e4tter 300x200\" \/><\/div>\n\t\t<\/figure>\n\t<\/div>\n\n\t<div class=\"wpb_text_column wpb_content_element\" >\n\t\t<div class=\"wpb_wrapper\">\n\t\t\t<h1><strong>Bezirksbl\u00e4tter<\/strong><\/h1>\n<p>Wochenzeitung<\/p>\n\n\t\t<\/div>\n\t<\/div>\n<\/div><\/div><\/div><\/div><div class=\"vc_row wpb_row vc_row-fluid\"><div class=\"wpb_column vc_column_container vc_col-sm-12\"><div class=\"vc_column-inner\"><div class=\"wpb_wrapper\">\n\t<div  class=\"wpb_single_image wpb_content_element vc_align_left\">\n\t\t\n\t\t<figure class=\"wpb_wrapper vc_figure\">\n\t\t\t<div class=\"vc_single_image-wrapper   vc_box_border_grey\"><img loading=\"lazy\" decoding=\"async\" class=\"vc_single_image-img\" src=\"https:\/\/megamedia.games\/wp-content\/uploads\/2021\/04\/Bezirks-Blaetter-Haider-300x200-1-200x100.png\" width=\"200\" height=\"100\" alt=\"Bezirks Bl\u00e4tter Haider 300x200\" title=\"Bezirks Bl\u00e4tter Haider 300x200\" \/><\/div>\n\t\t<\/figure>\n\t<\/div>\n\n\t<div class=\"wpb_text_column wpb_content_element\" >\n\t\t<div class=\"wpb_wrapper\">\n\t\t\t<p><strong>Redakteurin<\/strong><\/p>\n<p>&nbsp;<\/p>\n<p>Hier geht es zum online Beitrag:<\/p>\n<p><a href=\"https:\/\/www.meinbezirk.at\/neusiedl-am-see\/c-lokales\/ueberflieger-noah-frank-aus-neusiedl-im-interview_a4568159?ref=curate\">https:\/\/www.meinbezirk.at\/neusiedl-am-see\/c-lokales\/ueberflieger-noah-frank-aus-neusiedl-im-interview_a4568159?ref=curate<\/a><\/p>\n\n\t\t<\/div>\n\t<\/div>\n<\/div><\/div><\/div><\/div><div class=\"vc_row wpb_row vc_row-fluid\"><div class=\"wpb_column vc_column_container vc_col-sm-12\"><div class=\"vc_column-inner\"><div class=\"wpb_wrapper\"><div class=\"vc_separator wpb_content_element vc_separator_align_center vc_sep_width_100 vc_sep_pos_align_center vc_separator_no_text vc_sep_color_green\" ><span class=\"vc_sep_holder vc_sep_holder_l\"><span  class=\"vc_sep_line\"><\/span><\/span><span class=\"vc_sep_holder vc_sep_holder_r\"><span  class=\"vc_sep_line\"><\/span><\/span>\n<\/div>\n\t<div  class=\"wpb_single_image wpb_content_element vc_align_left\">\n\t\t\n\t\t<figure class=\"wpb_wrapper vc_figure\">\n\t\t\t<div class=\"vc_single_image-wrapper   vc_box_border_grey\"><img loading=\"lazy\" decoding=\"async\" class=\"vc_single_image-img\" src=\"https:\/\/megamedia.games\/wp-content\/uploads\/2021\/07\/bvz-at-vector-logo-1.png\" width=\"300\" height=\"167\" alt=\"BVZ.at\" title=\"BVZ.at\" \/><\/div>\n\t\t<\/figure>\n\t<\/div>\n\n\t<div class=\"wpb_text_column wpb_content_element\" >\n\t\t<div class=\"wpb_wrapper\">\n\t\t\t<h1><strong>BVZ<\/strong><\/h1>\n<p>Wochenzeitung<\/p>\n\n\t\t<\/div>\n\t<\/div>\n\n\t<div class=\"wpb_text_column wpb_content_element\" >\n\t\t<div class=\"wpb_wrapper\">\n\t\t\t<p>Hier geht es zum online Beitrag:<\/p>\n<p><a href=\"https:\/\/www.bvz.at\/neusiedl\/neusiedl-am-see-hit-spiel-von-16-jaehrigem-neusiedl-am-see-computerspiele-noah-frank-spiele-print-269177512\">https:\/\/www.bvz.at\/neusiedl\/neusiedl-am-see-hit-spiel-von-16-jaehrigem-neusiedl-am-see-computerspiele-noah-frank-spiele-print-269177512<\/a><\/p>\n\n\t\t<\/div>\n\t<\/div>\n<\/div><\/div><\/div><\/div>","protected":false},"excerpt":{"rendered":"Kronen Zeitung Journalist: \u00a0\u00a0Charlotte Barbara Titz Click here for the online article: https:\/\/www.krone.at\/2383086 KURIER Independent daily newspaper for Austria Journalist: Stefan Jedlicka Click here for the online article: https:\/\/kurier.at\/chronik\/burgenland\/aus-ihrer-region\/wie-ein-16-jaehriger-spielend-durch-die-krise-helfen-will\/401346158 Bezirksbl\u00e4tter Weekly newspaper Journalist: Kathrin Haider &nbsp; Click here for the online article: https:\/\/www.meinbezirk.at\/neusiedl-am-see\/c-lokales\/ueberflieger-noah-frank-aus-neusiedl-im-interview_a4568159?ref=curate BVZ Weekly newspaper Click here for the online article: https:\/\/www.bvz.at\/neusiedl\/neusiedl-am-see-hit-spiel-von-16-jaehrigem-neusiedl-am-see-computerspiele-noah-frank-spiele-print-269177512","protected":false},"author":1,"featured_media":0,"parent":0,"menu_order":0,"comment_status":"closed","ping_status":"closed","template":"","meta":{"footnotes":""},"class_list":["post-914","page","type-page","status-publish","hentry"],"yoast_head":"<!-- This site is optimized with the Yoast SEO plugin v25.4 - https:\/\/yoast.com\/wordpress\/plugins\/seo\/ -->\n<title>Press Articles - Mega Media Games<\/title>\n<meta name=\"robots\" content=\"index, follow, max-snippet:-1, max-image-preview:large, max-video-preview:-1\" \/>\n<link rel=\"canonical\" href=\"http:\/\/megamedia.games\/de\/chronik-beitrage\" \/>\n<meta property=\"og:locale\" content=\"de_DE\" \/>\n<meta property=\"og:type\" content=\"article\" \/>\n<meta property=\"og:title\" content=\"Press Articles - Mega Media Games\" \/>\n<meta property=\"og:url\" content=\"http:\/\/megamedia.games\/de\/chronik-beitrage\" \/>\n<meta property=\"og:site_name\" content=\"Mega Media Games\" \/>\n<meta property=\"article:modified_time\" content=\"2021-07-05T00:26:51+00:00\" \/>\n<meta name=\"twitter:card\" content=\"summary_large_image\" \/>\n<meta name=\"twitter:label1\" content=\"Gesch\u00e4tzte Lesezeit\" \/>\n\t<meta name=\"twitter:data1\" content=\"1\u00a0Minute\" \/>\n<script type=\"application\/ld+json\" class=\"yoast-schema-graph\">{\"@context\":\"https:\/\/schema.org\",\"@graph\":[{\"@type\":\"WebPage\",\"@id\":\"http:\/\/megamedia.games\/de\/chronik-beitrage\",\"url\":\"http:\/\/megamedia.games\/de\/chronik-beitrage\",\"name\":\"Press Articles - Mega Media Games\",\"isPartOf\":{\"@id\":\"https:\/\/megamedia.games\/#website\"},\"datePublished\":\"2021-04-11T20:02:42+00:00\",\"dateModified\":\"2021-07-05T00:26:51+00:00\",\"breadcrumb\":{\"@id\":\"http:\/\/megamedia.games\/de\/chronik-beitrage#breadcrumb\"},\"inLanguage\":\"de\",\"potentialAction\":[{\"@type\":\"ReadAction\",\"target\":[\"http:\/\/megamedia.games\/de\/chronik-beitrage\"]}]},{\"@type\":\"BreadcrumbList\",\"@id\":\"http:\/\/megamedia.games\/de\/chronik-beitrage#breadcrumb\",\"itemListElement\":[{\"@type\":\"ListItem\",\"position\":1,\"name\":\"Home\",\"item\":\"https:\/\/megamedia.games\/\"},{\"@type\":\"ListItem\",\"position\":2,\"name\":\"Press Articles\"}]},{\"@type\":\"WebSite\",\"@id\":\"https:\/\/megamedia.games\/#website\",\"url\":\"https:\/\/megamedia.games\/\",\"name\":\"Mega Media Games\",\"description\":\"gameUp the Future\",\"publisher\":{\"@id\":\"https:\/\/megamedia.games\/#organization\"},\"potentialAction\":[{\"@type\":\"SearchAction\",\"target\":{\"@type\":\"EntryPoint\",\"urlTemplate\":\"https:\/\/megamedia.games\/?s={search_term_string}\"},\"query-input\":{\"@type\":\"PropertyValueSpecification\",\"valueRequired\":true,\"valueName\":\"search_term_string\"}}],\"inLanguage\":\"de\"},{\"@type\":\"Organization\",\"@id\":\"https:\/\/megamedia.games\/#organization\",\"name\":\"Mega Media Games\",\"url\":\"https:\/\/megamedia.games\/\",\"logo\":{\"@type\":\"ImageObject\",\"inLanguage\":\"de\",\"@id\":\"https:\/\/megamedia.games\/#\/schema\/logo\/image\/\",\"url\":\"https:\/\/megamedia.games\/wp-content\/uploads\/2025\/02\/MMG-LOGO-5-Tx10-T-tranz.png\",\"contentUrl\":\"https:\/\/megamedia.games\/wp-content\/uploads\/2025\/02\/MMG-LOGO-5-Tx10-T-tranz.png\",\"width\":12000,\"height\":5000,\"caption\":\"Mega Media Games\"},\"image\":{\"@id\":\"https:\/\/megamedia.games\/#\/schema\/logo\/image\/\"}}]}<\/script>\n<!-- \/ Yoast SEO plugin. -->","yoast_head_json":{"title":"Press Articles - Mega Media Games","robots":{"index":"index","follow":"follow","max-snippet":"max-snippet:-1","max-image-preview":"max-image-preview:large","max-video-preview":"max-video-preview:-1"},"canonical":"http:\/\/megamedia.games\/de\/chronik-beitrage","og_locale":"de_DE","og_type":"article","og_title":"Press Articles - Mega Media Games","og_url":"http:\/\/megamedia.games\/de\/chronik-beitrage","og_site_name":"Mega Media Games","article_modified_time":"2021-07-05T00:26:51+00:00","twitter_card":"summary_large_image","twitter_misc":{"Gesch\u00e4tzte Lesezeit":"1\u00a0Minute"},"schema":{"@context":"https:\/\/schema.org","@graph":[{"@type":"WebPage","@id":"http:\/\/megamedia.games\/de\/chronik-beitrage","url":"http:\/\/megamedia.games\/de\/chronik-beitrage","name":"Press Articles - Mega Media Games","isPartOf":{"@id":"https:\/\/megamedia.games\/#website"},"datePublished":"2021-04-11T20:02:42+00:00","dateModified":"2021-07-05T00:26:51+00:00","breadcrumb":{"@id":"http:\/\/megamedia.games\/de\/chronik-beitrage#breadcrumb"},"inLanguage":"de","potentialAction":[{"@type":"ReadAction","target":["http:\/\/megamedia.games\/de\/chronik-beitrage"]}]},{"@type":"BreadcrumbList","@id":"http:\/\/megamedia.games\/de\/chronik-beitrage#breadcrumb","itemListElement":[{"@type":"ListItem","position":1,"name":"Home","item":"https:\/\/megamedia.games\/"},{"@type":"ListItem","position":2,"name":"Press Articles"}]},{"@type":"WebSite","@id":"https:\/\/megamedia.games\/#website","url":"https:\/\/megamedia.games\/","name":"Mega Media Games","description":"gameUp the Future","publisher":{"@id":"https:\/\/megamedia.games\/#organization"},"potentialAction":[{"@type":"SearchAction","target":{"@type":"EntryPoint","urlTemplate":"https:\/\/megamedia.games\/?s={search_term_string}"},"query-input":{"@type":"PropertyValueSpecification","valueRequired":true,"valueName":"search_term_string"}}],"inLanguage":"de"},{"@type":"Organization","@id":"https:\/\/megamedia.games\/#organization","name":"Mega Media Games","url":"https:\/\/megamedia.games\/","logo":{"@type":"ImageObject","inLanguage":"de","@id":"https:\/\/megamedia.games\/#\/schema\/logo\/image\/","url":"https:\/\/megamedia.games\/wp-content\/uploads\/2025\/02\/MMG-LOGO-5-Tx10-T-tranz.png","contentUrl":"https:\/\/megamedia.games\/wp-content\/uploads\/2025\/02\/MMG-LOGO-5-Tx10-T-tranz.png","width":12000,"height":5000,"caption":"Mega Media Games"},"image":{"@id":"https:\/\/megamedia.games\/#\/schema\/logo\/image\/"}}]}},"_links":{"self":[{"href":"https:\/\/megamedia.games\/de\/wp-json\/wp\/v2\/pages\/914","targetHints":{"allow":["GET"]}}],"collection":[{"href":"https:\/\/megamedia.games\/de\/wp-json\/wp\/v2\/pages"}],"about":[{"href":"https:\/\/megamedia.games\/de\/wp-json\/wp\/v2\/types\/page"}],"author":[{"embeddable":true,"href":"https:\/\/megamedia.games\/de\/wp-json\/wp\/v2\/users\/1"}],"replies":[{"embeddable":true,"href":"https:\/\/megamedia.games\/de\/wp-json\/wp\/v2\/comments?post=914"}],"version-history":[{"count":15,"href":"https:\/\/megamedia.games\/de\/wp-json\/wp\/v2\/pages\/914\/revisions"}],"predecessor-version":[{"id":973,"href":"https:\/\/megamedia.games\/de\/wp-json\/wp\/v2\/pages\/914\/revisions\/973"}],"wp:attachment":[{"href":"https:\/\/megamedia.games\/de\/wp-json\/wp\/v2\/media?parent=914"}],"curies":[{"name":"wp","href":"https:\/\/api.w.org\/{rel}","templated":true}]}}